{"id":912,"date":"2024-05-17T18:21:35","date_gmt":"2024-05-17T16:21:35","guid":{"rendered":"https:\/\/lentrepot78.com\/?page_id=912"},"modified":"2024-05-17T18:25:46","modified_gmt":"2024-05-17T16:25:46","slug":"912-2","status":"publish","type":"page","link":"https:\/\/lentrepot78.com\/index.php\/912-2\/","title":{"rendered":"FLEUR DE GINKO"},"content":{"rendered":"\n\n\n<p><strong>V\u00e9ronique Andrzejewski<\/strong><\/p>\n\n\n\n<p><em>Qui suis-je ?<\/em> Je m&rsquo;appelle V\u00e9ronique et je suis stagnovilloise depuis 11 ans. Je cr\u00e9e des bijoux en dentelle \u00e0 la navette, pour celles qui ont envie d\u2019ajouter \u00e0 leur tenue une touche glamour, un brin boh\u00e8me et romantique, et toujours \u00e9l\u00e9gante.<\/p>\n\n\n\n<p><em>Quel est mon parcours ?<\/em> J\u2019ai d\u00e9velopp\u00e9 tr\u00e8s jeune une grande affinit\u00e9 avec les \u00ab arts du fil \u00bb, en apprenant toute petite la broderie avec ma grand-m\u00e8re qui pratiquait \u00e9norm\u00e9ment. Puis au fil du temps j\u2019ai test\u00e9 et appris d\u2019autres techniques. En 2021 mon chemin croise celui de la dentelle \u00e0 la navette, dite aussi \u00ab dentelle de frivolit\u00e9 \u00bb, et je d\u00e9cide d\u2019essayer. C\u2019est le coup de c\u0153ur ! je me forme en auto-didacte comme pour toutes les autres techniques, et je pratique beaucoup. Deux ans plus tard, au vu du succ\u00e8s de mes pi\u00e8ces aupr\u00e8s de mes proches, je d\u00e9cide de cr\u00e9er officiellement ma micro-entreprise artisanale, bas\u00e9e \u00e0 l&rsquo;Etang !<\/p>\n\n\n\n<figure class=\"wp-block-gallery has-nested-images columns-default is-cropped wp-block-gallery-1 is-layout-flex wp-block-gallery-is-layout-flex\">\n<figure class=\"wp-block-image size-large\"><img decoding=\"async\" data-id=\"909\" data-src=\"https:\/\/lentrepot78.com\/wp-content\/uploads\/2024\/05\/fleur-de-ginko-v10-768x1024.jpg\" alt=\"\" class=\"wp-image-909 lazyload\" src=\"data:image\/gif;base64,R0lGODlhAQABAAAAACH5BAEKAAEALAAAAAABAAEAAAICTAEAOw==\" style=\"--smush-placeholder-width: 768px; --smush-placeholder-aspect-ratio: 768\/1024;\" \/><noscript><img decoding=\"async\" data-id=\"909\" src=\"https:\/\/lentrepot78.com\/wp-content\/uploads\/2024\/05\/fleur-de-ginko-v10-768x1024.jpg\" alt=\"\" class=\"wp-image-909\"\/><\/noscript><\/figure>\n\n\n\n<figure class=\"wp-block-image size-large\"><img decoding=\"async\" data-id=\"908\" data-src=\"https:\/\/lentrepot78.com\/wp-content\/uploads\/2024\/05\/fleur-de-ginko-v6-1024x1024.jpg\" alt=\"\" class=\"wp-image-908 lazyload\" src=\"data:image\/gif;base64,R0lGODlhAQABAAAAACH5BAEKAAEALAAAAAABAAEAAAICTAEAOw==\" style=\"--smush-placeholder-width: 1024px; --smush-placeholder-aspect-ratio: 1024\/1024;\" \/><noscript><img decoding=\"async\" data-id=\"908\" src=\"https:\/\/lentrepot78.com\/wp-content\/uploads\/2024\/05\/fleur-de-ginko-v6-1024x1024.jpg\" alt=\"\" class=\"wp-image-908\"\/><\/noscript><\/figure>\n\n\n\n<figure class=\"wp-block-image size-large\"><img decoding=\"async\" data-id=\"904\" data-src=\"https:\/\/lentrepot78.com\/wp-content\/uploads\/2024\/05\/fleur-de-ginko-1024x768.jpg\" alt=\"\" class=\"wp-image-904 lazyload\" src=\"data:image\/gif;base64,R0lGODlhAQABAAAAACH5BAEKAAEALAAAAAABAAEAAAICTAEAOw==\" style=\"--smush-placeholder-width: 1024px; --smush-placeholder-aspect-ratio: 1024\/768;\" \/><noscript><img decoding=\"async\" data-id=\"904\" src=\"https:\/\/lentrepot78.com\/wp-content\/uploads\/2024\/05\/fleur-de-ginko-1024x768.jpg\" alt=\"\" class=\"wp-image-904\"\/><\/noscript><\/figure>\n\n\n\n<figure class=\"wp-block-image size-large\"><img decoding=\"async\" data-id=\"907\" data-src=\"https:\/\/lentrepot78.com\/wp-content\/uploads\/2024\/05\/fleur-de-ginko-v5-768x1024.jpg\" alt=\"\" class=\"wp-image-907 lazyload\" src=\"data:image\/gif;base64,R0lGODlhAQABAAAAACH5BAEKAAEALAAAAAABAAEAAAICTAEAOw==\" style=\"--smush-placeholder-width: 768px; --smush-placeholder-aspect-ratio: 768\/1024;\" \/><noscript><img decoding=\"async\" data-id=\"907\" src=\"https:\/\/lentrepot78.com\/wp-content\/uploads\/2024\/05\/fleur-de-ginko-v5-768x1024.jpg\" alt=\"\" class=\"wp-image-907\"\/><\/noscript><\/figure>\n\n\n\n<figure class=\"wp-block-image size-large\"><img decoding=\"async\" data-id=\"906\" data-src=\"https:\/\/lentrepot78.com\/wp-content\/uploads\/2024\/05\/fleur-de-ginko-v4-1024x1024.jpg\" alt=\"\" class=\"wp-image-906 lazyload\" src=\"data:image\/gif;base64,R0lGODlhAQABAAAAACH5BAEKAAEALAAAAAABAAEAAAICTAEAOw==\" style=\"--smush-placeholder-width: 1024px; --smush-placeholder-aspect-ratio: 1024\/1024;\" \/><noscript><img decoding=\"async\" data-id=\"906\" src=\"https:\/\/lentrepot78.com\/wp-content\/uploads\/2024\/05\/fleur-de-ginko-v4-1024x1024.jpg\" alt=\"\" class=\"wp-image-906\"\/><\/noscript><\/figure>\n\n\n\n<figure class=\"wp-block-image size-large\"><img decoding=\"async\" data-id=\"905\" data-src=\"https:\/\/lentrepot78.com\/wp-content\/uploads\/2024\/05\/fleur-de-ginko-v2-1024x1024.jpg\" alt=\"\" class=\"wp-image-905 lazyload\" src=\"data:image\/gif;base64,R0lGODlhAQABAAAAACH5BAEKAAEALAAAAAABAAEAAAICTAEAOw==\" style=\"--smush-placeholder-width: 1024px; --smush-placeholder-aspect-ratio: 1024\/1024;\" \/><noscript><img decoding=\"async\" data-id=\"905\" src=\"https:\/\/lentrepot78.com\/wp-content\/uploads\/2024\/05\/fleur-de-ginko-v2-1024x1024.jpg\" alt=\"\" class=\"wp-image-905\"\/><\/noscript><\/figure>\n<\/figure>\n","protected":false},"excerpt":{"rendered":"<p>V\u00e9ronique Andrzejewski Qui suis-je ? Je m&rsquo;appelle V\u00e9ronique et je suis stagnovilloise depuis 11 ans. Je cr\u00e9e des bijoux en dentelle \u00e0 la navette, pour celles qui ont envie d\u2019ajouter \u00e0 leur tenue une touche glamour, un brin boh\u00e8me et romantique, et toujours \u00e9l\u00e9gante. Quel est mon parcours ? J\u2019ai d\u00e9velopp\u00e9 tr\u00e8s jeune une grande &hellip; <\/p>\n","protected":false},"author":2,"featured_media":0,"parent":0,"menu_order":0,"comment_status":"closed","ping_status":"closed","template":"","meta":{"saved_in_kubio":true,"footnotes":""},"class_list":["post-912","page","type-page","status-publish","hentry"],"kubio_ai_page_context":{"short_desc":"","purpose":"general"},"jetpack_sharing_enabled":true,"jetpack_likes_enabled":true,"_links":{"self":[{"href":"https:\/\/lentrepot78.com\/index.php\/wp-json\/wp\/v2\/pages\/912","targetHints":{"allow":["GET"]}}],"collection":[{"href":"https:\/\/lentrepot78.com\/index.php\/wp-json\/wp\/v2\/pages"}],"about":[{"href":"https:\/\/lentrepot78.com\/index.php\/wp-json\/wp\/v2\/types\/page"}],"author":[{"embeddable":true,"href":"https:\/\/lentrepot78.com\/index.php\/wp-json\/wp\/v2\/users\/2"}],"replies":[{"embeddable":true,"href":"https:\/\/lentrepot78.com\/index.php\/wp-json\/wp\/v2\/comments?post=912"}],"version-history":[{"count":0,"href":"https:\/\/lentrepot78.com\/index.php\/wp-json\/wp\/v2\/pages\/912\/revisions"}],"wp:attachment":[{"href":"https:\/\/lentrepot78.com\/index.php\/wp-json\/wp\/v2\/media?parent=912"}],"curies":[{"name":"wp","href":"https:\/\/api.w.org\/{rel}","templated":true}]}}